{"id":346,"date":"2025-02-19T15:29:08","date_gmt":"2025-02-19T13:29:08","guid":{"rendered":"https:\/\/wiseppc.com\/?page_id=346"},"modified":"2025-02-19T15:38:42","modified_gmt":"2025-02-19T13:38:42","slug":"terms-of-service","status":"publish","type":"page","link":"https:\/\/wiseppc.com\/vi\/terms-of-service\/","title":{"rendered":"\u0110i\u1ec1u kho\u1ea3n d\u1ecbch v\u1ee5"},"content":{"rendered":"<br \/>\n<h2>1. Gi\u1edbi thi\u1ec7u<\/h2>\n<p>Ch\u00e0o m\u1eebng b\u1ea1n \u0111\u1ebfn v\u1edbi WisePPC, m\u1ed9t d\u1ecbch v\u1ee5 ph\u1ea7n m\u1ec1m d\u01b0\u1edbi d\u1ea1ng d\u1ecbch v\u1ee5 (\u201cD\u1ecbch v\u1ee5\u201d) do Crystal Logistics Corporation (\u201cC\u00f4ng ty\u201d, \u201cch\u00fang t\u00f4i\u201d ho\u1eb7c \u201cc\u1ee7a ch\u00fang t\u00f4i\u201d) cung c\u1ea5p. B\u1eb1ng vi\u1ec7c s\u1eed d\u1ee5ng WisePPC, b\u1ea1n \u0111\u1ed3ng \u00fd tu\u00e2n th\u1ee7 c\u00e1c \u0110i\u1ec1u kho\u1ea3n D\u1ecbch v\u1ee5 (\u201c\u0110i\u1ec1u kho\u1ea3n\u201d) n\u00e0y. N\u1ebfu b\u1ea1n kh\u00f4ng \u0111\u1ed3ng \u00fd, vui l\u00f2ng kh\u00f4ng s\u1eed d\u1ee5ng D\u1ecbch v\u1ee5.<\/p>\n<h2>2. M\u00f4 t\u1ea3 d\u1ecbch v\u1ee5<\/h2>\n<p>WisePPC cung c\u1ea5p c\u00e1c c\u00f4ng c\u1ee5 ph\u00e2n t\u00edch v\u00e0 t\u1ef1 \u0111\u1ed9ng h\u00f3a nh\u1eb1m h\u1ed7 tr\u1ee3 c\u00e1c nh\u00e0 b\u00e1n h\u00e0ng tr\u00ean Amazon qu\u1ea3n l\u00fd c\u00e1c chi\u1ebfn d\u1ecbch qu\u1ea3ng c\u00e1o c\u1ee7a h\u1ecd. D\u1ecbch v\u1ee5 \u0111\u01b0\u1ee3c cung c\u1ea5p \u201cnguy\u00ean tr\u1ea1ng\u201d v\u00e0 c\u00f3 th\u1ec3 b\u1ecb thay \u0111\u1ed5i, c\u1eadp nh\u1eadt ho\u1eb7c ng\u1eebng cung c\u1ea5p theo quy\u1ebft \u0111\u1ecbnh c\u1ee7a ch\u00fang t\u00f4i.<\/p>\n<h2>3. \u0110\u0103ng k\u00fd t\u00e0i kho\u1ea3n<\/h2>\n<ul>\n<li>B\u1ea1n ph\u1ea3i t\u1eeb 18 tu\u1ed5i tr\u1edf l\u00ean m\u1edbi \u0111\u01b0\u1ee3c s\u1eed d\u1ee5ng D\u1ecbch v\u1ee5.<\/li>\n<li>B\u1ea1n c\u00f3 tr\u00e1ch nhi\u1ec7m b\u1ea3o m\u1eadt th\u00f4ng tin \u0111\u0103ng nh\u1eadp t\u00e0i kho\u1ea3n c\u1ee7a m\u00ecnh.<\/li>\n<li>Ch\u00fang t\u00f4i c\u00f3 quy\u1ec1n t\u1ea1m ng\u01b0ng ho\u1eb7c ch\u1ea5m d\u1ee9t c\u00e1c t\u00e0i kho\u1ea3n vi ph\u1ea1m c\u00e1c \u0110i\u1ec1u kho\u1ea3n n\u00e0y.<\/li>\n<\/ul>\n<h2>4. Thanh to\u00e1n v\u00e0 \u0110\u0103ng k\u00fd<\/h2>\n<ul>\n<li>WisePPC l\u00e0 m\u1ed9t d\u1ecbch v\u1ee5 tr\u1ea3 ph\u00ed v\u1edbi c\u00e1c g\u00f3i \u0111\u0103ng k\u00fd.<\/li>\n<li>C\u00e1c kho\u1ea3n thanh to\u00e1n \u0111\u01b0\u1ee3c x\u1eed l\u00fd th\u00f4ng qua c\u00e1c nh\u00e0 cung c\u1ea5p d\u1ecbch v\u1ee5 thanh to\u00e1n b\u00ean th\u1ee9 ba, v\u00e0 t\u1ea5t c\u1ea3 c\u00e1c kho\u1ea3n ph\u00ed \u0111\u1ec1u kh\u00f4ng \u0111\u01b0\u1ee3c ho\u00e0n l\u1ea1i.<\/li>\n<li>Ch\u00fang t\u00f4i c\u00f3 th\u1ec3 \u0111i\u1ec1u ch\u1ec9nh gi\u00e1 b\u1ea5t c\u1ee9 l\u00fac n\u00e0o, sau khi th\u00f4ng b\u00e1o cho ng\u01b0\u1eddi d\u00f9ng hi\u1ec7n t\u1ea1i.<\/li>\n<\/ul>\n<h2>5. Tu\u00e2n th\u1ee7 c\u00e1c ch\u00ednh s\u00e1ch c\u1ee7a Amazon Advertising API<\/h2>\n<p>WisePPC t\u00edch h\u1ee3p v\u1edbi API Qu\u1ea3ng c\u00e1o c\u1ee7a Amazon v\u00e0 ph\u1ea3i tu\u00e2n th\u1ee7 Th\u1ecfa thu\u1eadn C\u1ea5p ph\u00e9p v\u00e0 Ch\u00ednh s\u00e1ch c\u1ee7a Amazon:<\/p>\n<ul>\n<li><a href=\"https:\/\/advertising.amazon.com\/API\/docs\/license-agreement\" target=\"_blank\">Th\u1ecfa thu\u1eadn c\u1ea5p ph\u00e9p c\u1ee7a Amazon<\/a><\/li>\n<li><a href=\"https:\/\/advertising.amazon.com\/API\/docs\/policy\/en_US\" target=\"_blank\">Ch\u00ednh s\u00e1ch API c\u1ee7a Amazon<\/a><\/li>\n<\/ul>\n<p>Ng\u01b0\u1eddi d\u00f9ng ph\u1ea3i tu\u00e2n th\u1ee7 t\u1ea5t c\u1ea3 c\u00e1c ch\u00ednh s\u00e1ch qu\u1ea3ng c\u00e1o c\u1ee7a Amazon khi s\u1eed d\u1ee5ng WisePPC. Crystal Logistics Corporation c\u00f3 quy\u1ec1n h\u1ea1n ch\u1ebf ho\u1eb7c t\u1ea1m ng\u01b0ng quy\u1ec1n truy c\u1eadp v\u00e0o WisePPC n\u1ebfu Amazon \u00e1p d\u1ee5ng c\u00e1c bi\u1ec7n ph\u00e1p h\u1ea1n ch\u1ebf do vi ph\u1ea1m ch\u00ednh s\u00e1ch.<\/p>\n<h2>6. Tuy\u00ean b\u1ed1 mi\u1ec5n tr\u1eeb tr\u00e1ch nhi\u1ec7m h\u1eefu h\u1ea1n<\/h2>\n<ul>\n<li>WisePPC l\u00e0 m\u1ed9t c\u00f4ng c\u1ee5 ph\u00e2n t\u00edch v\u00e0 kh\u00f4ng \u0111\u1ea3m b\u1ea3o b\u1ea5t k\u1ef3 k\u1ebft qu\u1ea3 c\u1ee5 th\u1ec3 n\u00e0o.<\/li>\n<li>C\u00f4ng ty TNHH Crystal Logistics s\u1ebd kh\u00f4ng ch\u1ecbu tr\u00e1ch nhi\u1ec7m \u0111\u1ed1i v\u1edbi b\u1ea5t k\u1ef3 thi\u1ec7t h\u1ea1i tr\u1ef1c ti\u1ebfp, gi\u00e1n ti\u1ebfp, ng\u1eabu nhi\u00ean, \u0111\u1eb7c bi\u1ec7t ho\u1eb7c do h\u1eadu qu\u1ea3 n\u00e0o ph\u00e1t sinh t\u1eeb vi\u1ec7c qu\u00fd kh\u00e1ch s\u1eed d\u1ee5ng D\u1ecbch v\u1ee5.<\/li>\n<li>B\u1ea1n th\u1eeba nh\u1eadn r\u1eb1ng c\u00e1c ch\u00ednh s\u00e1ch qu\u1ea3ng c\u00e1o, thu\u1eadt to\u00e1n v\u00e0 k\u1ebft qu\u1ea3 c\u1ee7a Amazon n\u1eb1m ngo\u00e0i t\u1ea7m ki\u1ec3m so\u00e1t c\u1ee7a ch\u00fang t\u00f4i, v\u00e0 ch\u00fang t\u00f4i kh\u00f4ng ch\u1ecbu tr\u00e1ch nhi\u1ec7m v\u1ec1 b\u1ea5t k\u1ef3 t\u1ed5n th\u1ea5t t\u00e0i ch\u00ednh, vi\u1ec7c t\u1ea1m ng\u01b0ng t\u00e0i kho\u1ea3n ho\u1eb7c thay \u0111\u1ed5i hi\u1ec7u su\u1ea5t n\u00e0o ph\u00e1t sinh t\u1eeb c\u00e1c \u0111\u1ec1 xu\u1ea5t ho\u1eb7c t\u00ednh n\u0103ng t\u1ef1 \u0111\u1ed9ng h\u00f3a c\u1ee7a WisePPC.<\/li>\n<li>B\u1ea1n s\u1eed d\u1ee5ng D\u1ecbch v\u1ee5 v\u1edbi r\u1ee7i ro do ch\u00ednh b\u1ea1n ch\u1ecbu, v\u00e0 b\u1ea1n ho\u00e0n to\u00e0n ch\u1ecbu tr\u00e1ch nhi\u1ec7m v\u1ec1 h\u1eadu qu\u1ea3 c\u1ee7a b\u1ea5t k\u1ef3 h\u00e0nh \u0111\u1ed9ng n\u00e0o \u0111\u01b0\u1ee3c th\u1ef1c hi\u1ec7n d\u1ef1a tr\u00ean c\u00e1c ph\u00e2n t\u00edch ho\u1eb7c t\u00ednh n\u0103ng t\u1ef1 \u0111\u1ed9ng h\u00f3a c\u1ee7a WisePPC.<\/li>\n<\/ul>\n<h2>7. B\u1ed3i th\u01b0\u1eddng<\/h2>\n<p>Qu\u00fd v\u1ecb \u0111\u1ed3ng \u00fd b\u1ed3i th\u01b0\u1eddng, b\u1ea3o v\u1ec7 v\u00e0 mi\u1ec5n tr\u1eeb tr\u00e1ch nhi\u1ec7m cho Crystal Logistics Corporation c\u00f9ng c\u00e1c c\u00f4ng ty li\u00ean k\u1ebft, nh\u00e2n vi\u00ean v\u00e0 \u0111\u1ed1i t\u00e1c c\u1ee7a c\u00f4ng ty n\u00e0y \u0111\u1ed1i v\u1edbi m\u1ecdi khi\u1ebfu n\u1ea1i, tr\u00e1ch nhi\u1ec7m ph\u00e1p l\u00fd, thi\u1ec7t h\u1ea1i ho\u1eb7c chi ph\u00ed ph\u00e1t sinh t\u1eeb:<\/p>\n<ul>\n<li>Vi\u1ec7c b\u1ea1n s\u1eed d\u1ee5ng D\u1ecbch v\u1ee5.<\/li>\n<li>Vi\u1ec7c b\u1ea1n vi ph\u1ea1m c\u00e1c \u0110i\u1ec1u kho\u1ea3n n\u00e0y ho\u1eb7c c\u00e1c quy \u0111\u1ecbnh ph\u00e1p lu\u1eadt hi\u1ec7n h\u00e0nh.<\/li>\n<li>M\u1ecdi khi\u1ebfu n\u1ea1i t\u1eeb b\u00ean th\u1ee9 ba li\u00ean quan \u0111\u1ebfn c\u00e1c quy\u1ebft \u0111\u1ecbnh kinh doanh c\u1ee7a b\u1ea1n d\u1ef1a tr\u00ean d\u1eef li\u1ec7u c\u1ee7a WisePPC.<\/li>\n<li>B\u1ea5t k\u1ef3 h\u00e0nh vi vi ph\u1ea1m n\u00e0o \u0111\u1ed1i v\u1edbi c\u00e1c ch\u00ednh s\u00e1ch c\u1ee7a Amazon Advertising API d\u1eabn \u0111\u1ebfn vi\u1ec7c WisePPC b\u1ecb \u00e1p d\u1ee5ng c\u00e1c h\u00ecnh th\u1ee9c x\u1eed ph\u1ea1t ho\u1eb7c h\u1ea1n ch\u1ebf.<\/li>\n<\/ul>\n<h2>8. Kh\u00f4ng c\u00f3 b\u1ea3o h\u00e0nh<\/h2>\n<ul>\n<li>D\u1ecbch v\u1ee5 \u0111\u01b0\u1ee3c cung c\u1ea5p tr\u00ean c\u01a1 s\u1edf \u201cnguy\u00ean tr\u1ea1ng\u201d v\u00e0 \u201ctheo t\u00ecnh tr\u1ea1ng s\u1eb5n c\u00f3\u201d, kh\u00f4ng k\u00e8m theo b\u1ea5t k\u1ef3 b\u1ea3o \u0111\u1ea3m n\u00e0o.<\/li>\n<li>Ch\u00fang t\u00f4i kh\u00f4ng \u0111\u1ea3m b\u1ea3o r\u1eb1ng D\u1ecbch v\u1ee5 s\u1ebd lu\u00f4n ho\u1ea1t \u0111\u1ed9ng li\u00ean t\u1ee5c ho\u1eb7c kh\u00f4ng g\u1eb7p l\u1ed7i.<\/li>\n<li>Ch\u00fang t\u00f4i t\u1eeb ch\u1ed1i m\u1ecdi b\u1ea3o \u0111\u1ea3m, d\u00f9 l\u00e0 r\u00f5 r\u00e0ng hay ng\u1ee5 \u00fd, bao g\u1ed3m nh\u01b0ng kh\u00f4ng gi\u1edbi h\u1ea1n \u1edf t\u00ednh ph\u00f9 h\u1ee3p \u0111\u1ec3 b\u00e1n, t\u00ednh ph\u00f9 h\u1ee3p cho m\u1ed9t m\u1ee5c \u0111\u00edch c\u1ee5 th\u1ec3 v\u00e0 vi\u1ec7c kh\u00f4ng vi ph\u1ea1m quy\u1ec1n s\u1edf h\u1eefu tr\u00ed tu\u1ec7.<\/li>\n<\/ul>\n<h2>9. B\u1ea3o m\u1eadt d\u1eef li\u1ec7u v\u00e0 tu\u00e2n th\u1ee7<\/h2>\n<ul>\n<li>T\u1ea5t c\u1ea3 d\u1eef li\u1ec7u ng\u01b0\u1eddi d\u00f9ng, bao g\u1ed3m d\u1eef li\u1ec7u qu\u1ea3ng c\u00e1o Amazon v\u00e0 d\u1eef li\u1ec7u ng\u01b0\u1eddi b\u00e1n tr\u00ean Amazon, \u0111\u1ec1u \u0111\u01b0\u1ee3c l\u01b0u tr\u1eef v\u00e0 x\u1eed l\u00fd tr\u00ean Amazon Cloud.<\/li>\n<li>Khi s\u1eed d\u1ee5ng WisePPC, b\u1ea1n \u0111\u1ed3ng \u00fd v\u1edbi Ch\u00ednh s\u00e1ch b\u1ea3o m\u1eadt c\u1ee7a ch\u00fang t\u00f4i, trong \u0111\u00f3 n\u00eau r\u00f5 c\u00e1ch th\u1ee9c ch\u00fang t\u00f4i thu th\u1eadp, s\u1eed d\u1ee5ng v\u00e0 b\u1ea3o v\u1ec7 d\u1eef li\u1ec7u c\u1ee7a b\u1ea1n.<\/li>\n<li>B\u1ea1n c\u00f3 tr\u00e1ch nhi\u1ec7m \u0111\u1ea3m b\u1ea3o tu\u00e2n th\u1ee7 c\u00e1c ch\u00ednh s\u00e1ch c\u1ee7a Amazon, GDPR, CCPA v\u00e0 c\u00e1c quy \u0111\u1ecbnh hi\u1ec7n h\u00e0nh kh\u00e1c khi s\u1eed d\u1ee5ng WisePPC.<\/li>\n<li>Ch\u00fang t\u00f4i c\u00f3 quy\u1ec1n ki\u1ec3m tra vi\u1ec7c s\u1eed d\u1ee5ng v\u00e0 vi\u1ec7c tu\u00e2n th\u1ee7 c\u00e1c ch\u00ednh s\u00e1ch API c\u1ee7a Amazon, \u0111\u1ed3ng th\u1eddi c\u00f3 quy\u1ec1n ch\u1ea5m d\u1ee9t t\u00e0i kho\u1ea3n \u0111\u1ed1i v\u1edbi nh\u1eefng tr\u01b0\u1eddng h\u1ee3p vi ph\u1ea1m c\u00e1c ch\u00ednh s\u00e1ch n\u00e0y.<\/li>\n<\/ul>\n<h2>10. Ch\u1ea5m d\u1ee9t h\u1ee3p \u0111\u1ed3ng<\/h2>\n<ul>\n<li>Ch\u00fang t\u00f4i c\u00f3 th\u1ec3 t\u1ea1m ng\u01b0ng ho\u1eb7c ch\u1ea5m d\u1ee9t quy\u1ec1n truy c\u1eadp c\u1ee7a b\u1ea1n v\u00e0o D\u1ecbch v\u1ee5 b\u1ea5t c\u1ee9 l\u00fac n\u00e0o n\u1ebfu b\u1ea1n vi ph\u1ea1m c\u00e1c \u0110i\u1ec1u kho\u1ea3n n\u00e0y.<\/li>\n<li>Ng\u01b0\u1eddi d\u00f9ng c\u00f3 th\u1ec3 h\u1ee7y \u0111\u0103ng k\u00fd b\u1ea5t c\u1ee9 l\u00fac n\u00e0o, nh\u01b0ng c\u00e1c kho\u1ea3n ph\u00ed \u0111\u00e3 thanh to\u00e1n s\u1ebd kh\u00f4ng \u0111\u01b0\u1ee3c ho\u00e0n l\u1ea1i.<\/li>\n<li>N\u1ebfu WisePPC b\u1ecb Amazon h\u1ea1n ch\u1ebf do vi ph\u1ea1m c\u00e1c quy \u0111\u1ecbnh, ch\u00fang t\u00f4i s\u1ebd kh\u00f4ng ch\u1ecbu tr\u00e1ch nhi\u1ec7m v\u1ec1 vi\u1ec7c gi\u00e1n \u0111o\u1ea1n d\u1ecbch v\u1ee5.<\/li>\n<\/ul>\n<h2>11. Lu\u1eadt \u00e1p d\u1ee5ng v\u00e0 Gi\u1ea3i quy\u1ebft tranh ch\u1ea5p<\/h2>\n<ul>\n<li>C\u00e1c \u0110i\u1ec1u kho\u1ea3n n\u00e0y tu\u00e2n theo ph\u00e1p lu\u1eadt c\u1ee7a bang Delaware, Hoa K\u1ef3.<\/li>\n<li>M\u1ecdi tranh ch\u1ea5p s\u1ebd \u0111\u01b0\u1ee3c gi\u1ea3i quy\u1ebft th\u00f4ng qua th\u1ee7 t\u1ee5c tr\u1ecdng t\u00e0i t\u1ea1i Delaware, Hoa K\u1ef3, tr\u1eeb khi ph\u00e1p lu\u1eadt c\u00f3 quy \u0111\u1ecbnh kh\u00e1c.<\/li>\n<\/ul>\n<h2>12. Thay \u0111\u1ed5i \u0110i\u1ec1u kho\u1ea3n<\/h2>\n<p>Ch\u00fang t\u00f4i c\u00f3 th\u1ec3 c\u1eadp nh\u1eadt c\u00e1c \u0110i\u1ec1u kho\u1ea3n n\u00e0y theo th\u1eddi gian. Vi\u1ec7c ti\u1ebfp t\u1ee5c s\u1eed d\u1ee5ng D\u1ecbch v\u1ee5 sau khi c\u00f3 b\u1ea5t k\u1ef3 thay \u0111\u1ed5i n\u00e0o \u0111\u01b0\u1ee3c coi l\u00e0 b\u1ea1n \u0111\u00e3 ch\u1ea5p nh\u1eadn c\u00e1c \u0110i\u1ec1u kho\u1ea3n \u0111\u00e3 \u0111\u01b0\u1ee3c c\u1eadp nh\u1eadt.<\/p>\n<h2>13. Th\u00f4ng tin li\u00ean h\u1ec7<\/h2>\n<p>N\u1ebfu c\u00f3 b\u1ea5t k\u1ef3 th\u1eafc m\u1eafc n\u00e0o v\u1ec1 c\u00e1c \u0110i\u1ec1u kho\u1ea3n n\u00e0y, vui l\u00f2ng li\u00ean h\u1ec7 v\u1edbi ch\u00fang t\u00f4i t\u1ea1i <a href=\"mailto:legal@wiseppc.com\">legal@wiseppc.com<\/a>.<\/p>\n<p>B\u1eb1ng vi\u1ec7c s\u1eed d\u1ee5ng WisePPC, b\u1ea1n x\u00e1c nh\u1eadn r\u1eb1ng b\u1ea1n \u0111\u00e3 \u0111\u1ecdc, hi\u1ec3u v\u00e0 \u0111\u1ed3ng \u00fd v\u1edbi c\u00e1c \u0110i\u1ec1u kho\u1ea3n D\u1ecbch v\u1ee5 n\u00e0y.<\/p>","protected":false},"excerpt":{"rendered":"<p>1. Introduction Welcome to WisePPC, a software-as-a-service (&#8220;Service&#8221;) provided by Crystal Logistics Corporation (&#8220;Company,&#8221; &#8220;we,&#8221; &#8220;us,&#8221; or &#8220;our&#8221;). By using WisePPC, you agree to be bound by these Terms of Service (&#8220;Terms&#8221;). If you do not agree, please do not use the Service. 2. Description of Service WisePPC provides analytics and automation tools to help [&hellip;]<\/p>\n","protected":false},"author":1,"featured_media":0,"parent":0,"menu_order":0,"comment_status":"closed","ping_status":"closed","template":"","meta":{"_acf_changed":false,"footnotes":""},"class_list":["post-346","page","type-page","status-publish","hentry"],"acf":[],"yoast_head":"<!-- This site is optimized with the Yoast SEO plugin v27.4 - https:\/\/yoast.com\/product\/yoast-seo-wordpress\/ -->\n<title>Terms of Service - WisePPC<\/title>\n<meta name=\"robots\" content=\"index, follow, max-snippet:-1, max-image-preview:large, max-video-preview:-1\" \/>\n<link rel=\"canonical\" href=\"https:\/\/wiseppc.com\/vi\/terms-of-service\/\" \/>\n<meta property=\"og:locale\" content=\"vi_VN\" \/>\n<meta property=\"og:type\" content=\"article\" \/>\n<meta property=\"og:title\" content=\"Terms of Service - WisePPC\" \/>\n<meta property=\"og:description\" content=\"1. Introduction Welcome to WisePPC, a software-as-a-service (&#8220;Service&#8221;) provided by Crystal Logistics Corporation (&#8220;Company,&#8221; &#8220;we,&#8221; &#8220;us,&#8221; or &#8220;our&#8221;). By using WisePPC, you agree to be bound by these Terms of Service (&#8220;Terms&#8221;). If you do not agree, please do not use the Service. 2. Description of Service WisePPC provides analytics and automation tools to help [&hellip;]\" \/>\n<meta property=\"og:url\" content=\"https:\/\/wiseppc.com\/vi\/terms-of-service\/\" \/>\n<meta property=\"og:site_name\" content=\"WisePPC\" \/>\n<meta property=\"article:modified_time\" content=\"2025-02-19T13:38:42+00:00\" \/>\n<meta property=\"og:image\" content=\"https:\/\/wiseppc.com\/wp-content\/uploads\/2025\/05\/1200x675.png\" \/>\n\t<meta property=\"og:image:width\" content=\"1200\" \/>\n\t<meta property=\"og:image:height\" content=\"675\" \/>\n\t<meta property=\"og:image:type\" content=\"image\/png\" \/>\n<meta name=\"twitter:card\" content=\"summary_large_image\" \/>\n<meta name=\"twitter:label1\" content=\"\u01af\u1edbc t\u00ednh th\u1eddi gian \u0111\u1ecdc\" \/>\n\t<meta name=\"twitter:data1\" content=\"3 ph\u00fat\" \/>\n<script type=\"application\/ld+json\" class=\"yoast-schema-graph\">{\"@context\":\"https:\\\/\\\/schema.org\",\"@graph\":[{\"@type\":\"WebPage\",\"@id\":\"https:\\\/\\\/wiseppc.com\\\/terms-of-service\\\/\",\"url\":\"https:\\\/\\\/wiseppc.com\\\/terms-of-service\\\/\",\"name\":\"Terms of Service - WisePPC\",\"isPartOf\":{\"@id\":\"https:\\\/\\\/wiseppc.com\\\/fr\\\/#website\"},\"datePublished\":\"2025-02-19T13:29:08+00:00\",\"dateModified\":\"2025-02-19T13:38:42+00:00\",\"breadcrumb\":{\"@id\":\"https:\\\/\\\/wiseppc.com\\\/terms-of-service\\\/#breadcrumb\"},\"inLanguage\":\"vi\",\"potentialAction\":[{\"@type\":\"ReadAction\",\"target\":[\"https:\\\/\\\/wiseppc.com\\\/terms-of-service\\\/\"]}]},{\"@type\":\"BreadcrumbList\",\"@id\":\"https:\\\/\\\/wiseppc.com\\\/terms-of-service\\\/#breadcrumb\",\"itemListElement\":[{\"@type\":\"ListItem\",\"position\":1,\"name\":\"Home\",\"item\":\"https:\\\/\\\/wiseppc.com\\\/\"},{\"@type\":\"ListItem\",\"position\":2,\"name\":\"Terms of Service\"}]},{\"@type\":\"WebSite\",\"@id\":\"https:\\\/\\\/wiseppc.com\\\/fr\\\/#website\",\"url\":\"https:\\\/\\\/wiseppc.com\\\/fr\\\/\",\"name\":\"WisePPC\",\"description\":\"\",\"publisher\":{\"@id\":\"https:\\\/\\\/wiseppc.com\\\/fr\\\/#organization\"},\"potentialAction\":[{\"@type\":\"SearchAction\",\"target\":{\"@type\":\"EntryPoint\",\"urlTemplate\":\"https:\\\/\\\/wiseppc.com\\\/fr\\\/?s={search_term_string}\"},\"query-input\":{\"@type\":\"PropertyValueSpecification\",\"valueRequired\":true,\"valueName\":\"search_term_string\"}}],\"inLanguage\":\"vi\"},{\"@type\":\"Organization\",\"@id\":\"https:\\\/\\\/wiseppc.com\\\/fr\\\/#organization\",\"name\":\"WisePPC\",\"url\":\"https:\\\/\\\/wiseppc.com\\\/fr\\\/\",\"logo\":{\"@type\":\"ImageObject\",\"inLanguage\":\"vi\",\"@id\":\"https:\\\/\\\/wiseppc.com\\\/fr\\\/#\\\/schema\\\/logo\\\/image\\\/\",\"url\":\"https:\\\/\\\/wiseppc.com\\\/wp-content\\\/uploads\\\/2025\\\/07\\\/wiseppc_logo.jpeg\",\"contentUrl\":\"https:\\\/\\\/wiseppc.com\\\/wp-content\\\/uploads\\\/2025\\\/07\\\/wiseppc_logo.jpeg\",\"width\":200,\"height\":200,\"caption\":\"WisePPC\"},\"image\":{\"@id\":\"https:\\\/\\\/wiseppc.com\\\/fr\\\/#\\\/schema\\\/logo\\\/image\\\/\"}}]}<\/script>\n<!-- \/ Yoast SEO plugin. -->","yoast_head_json":{"title":"\u0110i\u1ec1u kho\u1ea3n d\u1ecbch v\u1ee5 - WisePPC","robots":{"index":"index","follow":"follow","max-snippet":"max-snippet:-1","max-image-preview":"max-image-preview:large","max-video-preview":"max-video-preview:-1"},"canonical":"https:\/\/wiseppc.com\/vi\/terms-of-service\/","og_locale":"vi_VN","og_type":"article","og_title":"Terms of Service - WisePPC","og_description":"1. Introduction Welcome to WisePPC, a software-as-a-service (&#8220;Service&#8221;) provided by Crystal Logistics Corporation (&#8220;Company,&#8221; &#8220;we,&#8221; &#8220;us,&#8221; or &#8220;our&#8221;). By using WisePPC, you agree to be bound by these Terms of Service (&#8220;Terms&#8221;). If you do not agree, please do not use the Service. 2. Description of Service WisePPC provides analytics and automation tools to help [&hellip;]","og_url":"https:\/\/wiseppc.com\/vi\/terms-of-service\/","og_site_name":"WisePPC","article_modified_time":"2025-02-19T13:38:42+00:00","og_image":[{"width":1200,"height":675,"url":"https:\/\/wiseppc.com\/wp-content\/uploads\/2025\/05\/1200x675.png","type":"image\/png"}],"twitter_card":"summary_large_image","twitter_misc":{"\u01af\u1edbc t\u00ednh th\u1eddi gian \u0111\u1ecdc":"3 ph\u00fat"},"schema":{"@context":"https:\/\/schema.org","@graph":[{"@type":"WebPage","@id":"https:\/\/wiseppc.com\/terms-of-service\/","url":"https:\/\/wiseppc.com\/terms-of-service\/","name":"\u0110i\u1ec1u kho\u1ea3n d\u1ecbch v\u1ee5 - WisePPC","isPartOf":{"@id":"https:\/\/wiseppc.com\/fr\/#website"},"datePublished":"2025-02-19T13:29:08+00:00","dateModified":"2025-02-19T13:38:42+00:00","breadcrumb":{"@id":"https:\/\/wiseppc.com\/terms-of-service\/#breadcrumb"},"inLanguage":"vi","potentialAction":[{"@type":"ReadAction","target":["https:\/\/wiseppc.com\/terms-of-service\/"]}]},{"@type":"BreadcrumbList","@id":"https:\/\/wiseppc.com\/terms-of-service\/#breadcrumb","itemListElement":[{"@type":"ListItem","position":1,"name":"Home","item":"https:\/\/wiseppc.com\/"},{"@type":"ListItem","position":2,"name":"Terms of Service"}]},{"@type":"WebSite","@id":"https:\/\/wiseppc.com\/fr\/#website","url":"https:\/\/wiseppc.com\/fr\/","name":"WisePPC","description":"","publisher":{"@id":"https:\/\/wiseppc.com\/fr\/#organization"},"potentialAction":[{"@type":"SearchAction","target":{"@type":"EntryPoint","urlTemplate":"https:\/\/wiseppc.com\/fr\/?s={search_term_string}"},"query-input":{"@type":"PropertyValueSpecification","valueRequired":true,"valueName":"search_term_string"}}],"inLanguage":"vi"},{"@type":"Organization","@id":"https:\/\/wiseppc.com\/fr\/#organization","name":"WisePPC","url":"https:\/\/wiseppc.com\/fr\/","logo":{"@type":"ImageObject","inLanguage":"vi","@id":"https:\/\/wiseppc.com\/fr\/#\/schema\/logo\/image\/","url":"https:\/\/wiseppc.com\/wp-content\/uploads\/2025\/07\/wiseppc_logo.jpeg","contentUrl":"https:\/\/wiseppc.com\/wp-content\/uploads\/2025\/07\/wiseppc_logo.jpeg","width":200,"height":200,"caption":"WisePPC"},"image":{"@id":"https:\/\/wiseppc.com\/fr\/#\/schema\/logo\/image\/"}}]}},"_links":{"self":[{"href":"https:\/\/wiseppc.com\/vi\/wp-json\/wp\/v2\/pages\/346","targetHints":{"allow":["GET"]}}],"collection":[{"href":"https:\/\/wiseppc.com\/vi\/wp-json\/wp\/v2\/pages"}],"about":[{"href":"https:\/\/wiseppc.com\/vi\/wp-json\/wp\/v2\/types\/page"}],"author":[{"embeddable":true,"href":"https:\/\/wiseppc.com\/vi\/wp-json\/wp\/v2\/users\/1"}],"replies":[{"embeddable":true,"href":"https:\/\/wiseppc.com\/vi\/wp-json\/wp\/v2\/comments?post=346"}],"version-history":[{"count":3,"href":"https:\/\/wiseppc.com\/vi\/wp-json\/wp\/v2\/pages\/346\/revisions"}],"predecessor-version":[{"id":349,"href":"https:\/\/wiseppc.com\/vi\/wp-json\/wp\/v2\/pages\/346\/revisions\/349"}],"wp:attachment":[{"href":"https:\/\/wiseppc.com\/vi\/wp-json\/wp\/v2\/media?parent=346"}],"curies":[{"name":"wp","href":"https:\/\/api.w.org\/{rel}","templated":true}]}}