{"id":344,"date":"2025-02-19T15:23:05","date_gmt":"2025-02-19T13:23:05","guid":{"rendered":"https:\/\/wiseppc.com\/?page_id=344"},"modified":"2025-02-19T15:38:56","modified_gmt":"2025-02-19T13:38:56","slug":"privacy-policy","status":"publish","type":"page","link":"https:\/\/wiseppc.com\/vi\/privacy-policy\/","title":{"rendered":"Ch\u00ednh s\u00e1ch b\u1ea3o m\u1eadt"},"content":{"rendered":"<br \/>\n<h2>1. Gi\u1edbi thi\u1ec7u<\/h2>\n<p>Ch\u00e0o m\u1eebng b\u1ea1n \u0111\u1ebfn v\u1edbi WisePPC, m\u1ed9t d\u1ecbch v\u1ee5 ph\u1ea7n m\u1ec1m d\u01b0\u1edbi d\u1ea1ng d\u1ecbch v\u1ee5 (\u201cD\u1ecbch v\u1ee5\u201d) do Crystal Logistics Corporation (\u201cC\u00f4ng ty\u201d, \u201cch\u00fang t\u00f4i\u201d ho\u1eb7c \u201cc\u1ee7a ch\u00fang t\u00f4i\u201d) cung c\u1ea5p. Ch\u00fang t\u00f4i cam k\u1ebft b\u1ea3o v\u1ec7 quy\u1ec1n ri\u00eang t\u01b0 c\u1ee7a b\u1ea1n v\u00e0 x\u1eed l\u00fd d\u1eef li\u1ec7u c\u1ee7a b\u1ea1n m\u1ed9t c\u00e1ch minh b\u1ea1ch. Ch\u00ednh s\u00e1ch B\u1ea3o m\u1eadt n\u00e0y m\u00f4 t\u1ea3 c\u00e1ch ch\u00fang t\u00f4i thu th\u1eadp, s\u1eed d\u1ee5ng v\u00e0 b\u1ea3o v\u1ec7 th\u00f4ng tin c\u1ee7a b\u1ea1n khi b\u1ea1n s\u1eed d\u1ee5ng WisePPC.<\/p>\n<h2>2. Th\u00f4ng tin ch\u00fang t\u00f4i thu th\u1eadp<\/h2>\n<ul>\n<li><strong>Th\u00f4ng tin t\u00e0i kho\u1ea3n:<\/strong> H\u1ecd t\u00ean, \u0111\u1ecba ch\u1ec9 email, th\u00f4ng tin c\u00f4ng ty v\u00e0 th\u00f4ng tin thanh to\u00e1n.<\/li>\n<li><strong>D\u1eef li\u1ec7u qu\u1ea3ng c\u00e1o c\u1ee7a Amazon:<\/strong> D\u1eef li\u1ec7u \u0111\u01b0\u1ee3c l\u1ea5y t\u1eeb API Qu\u1ea3ng c\u00e1o c\u1ee7a Amazon, bao g\u1ed3m hi\u1ec7u su\u1ea5t chi\u1ebfn d\u1ecbch, t\u1eeb kh\u00f3a v\u00e0 chi ti\u1ebft chi ti\u00eau.<\/li>\n<li><strong>D\u1eef li\u1ec7u ng\u01b0\u1eddi b\u00e1n tr\u00ean Amazon:<\/strong> D\u1eef li\u1ec7u li\u00ean quan \u0111\u1ebfn t\u00e0i kho\u1ea3n ng\u01b0\u1eddi b\u00e1n c\u1ee7a b\u1ea1n, ch\u1eb3ng h\u1ea1n nh\u01b0 danh s\u00e1ch s\u1ea3n ph\u1ea9m v\u00e0 hi\u1ec7u su\u1ea5t b\u00e1n h\u00e0ng.<\/li>\n<li><strong>D\u1eef li\u1ec7u s\u1eed d\u1ee5ng:<\/strong> T\u1ec7p nh\u1eadt k\u00fd, \u0111\u1ecba ch\u1ec9 IP v\u00e0 d\u1eef li\u1ec7u ph\u00e2n t\u00edch \u0111\u1ec3 theo d\u00f5i t\u00ecnh h\u00ecnh s\u1eed d\u1ee5ng v\u00e0 c\u1ea3i thi\u1ec7n D\u1ecbch v\u1ee5 c\u1ee7a ch\u00fang t\u00f4i.<\/li>\n<li><strong>Cookie v\u00e0 c\u00e1c c\u00f4ng ngh\u1ec7 theo d\u00f5i:<\/strong> Ch\u00fang t\u00f4i s\u1eed d\u1ee5ng cookie v\u00e0 c\u00e1c c\u00f4ng ngh\u1ec7 t\u01b0\u01a1ng t\u1ef1 \u0111\u1ec3 n\u00e2ng cao tr\u1ea3i nghi\u1ec7m ng\u01b0\u1eddi d\u00f9ng v\u00e0 thu th\u1eadp th\u00f4ng tin v\u1ec1 hi\u1ec7u su\u1ea5t c\u1ee7a n\u1ec1n t\u1ea3ng.<\/li>\n<\/ul>\n<h2>3. C\u00e1ch ch\u00fang t\u00f4i s\u1eed d\u1ee5ng th\u00f4ng tin c\u1ee7a b\u1ea1n<\/h2>\n<ul>\n<li>Cung c\u1ea5p v\u00e0 n\u00e2ng cao ch\u1ea5t l\u01b0\u1ee3ng d\u1ecbch v\u1ee5 WisePPC.<\/li>\n<li>Ph\u00e2n t\u00edch hi\u1ec7u qu\u1ea3 chi\u1ebfn d\u1ecbch v\u00e0 t\u1ea1o b\u00e1o c\u00e1o.<\/li>\n<li>T\u1ef1 \u0111\u1ed9ng h\u00f3a vi\u1ec7c \u0111\u1eb7t gi\u00e1 th\u1ea7u v\u00e0 ph\u00e2n b\u1ed5 ng\u00e2n s\u00e1ch qu\u1ea3ng c\u00e1o d\u1ef1a tr\u00ean s\u1edf th\u00edch c\u1ee7a b\u1ea1n.<\/li>\n<li>\u0110\u1ea3m b\u1ea3o tu\u00e2n th\u1ee7 c\u00e1c ch\u00ednh s\u00e1ch c\u1ee7a Amazon Advertising API.<\/li>\n<li>Th\u00f4ng b\u00e1o c\u00e1c c\u1eadp nh\u1eadt quan tr\u1ecdng v\u1ec1 d\u1ecbch v\u1ee5, c\u00e1c th\u00f4ng b\u00e1o v\u00e0 ph\u1ea3n h\u1ed3i t\u1eeb b\u1ed9 ph\u1eadn h\u1ed7 tr\u1ee3.<\/li>\n<li>Ng\u0103n ch\u1eb7n c\u00e1c ho\u1ea1t \u0111\u1ed9ng gian l\u1eadn v\u00e0 duy tr\u00ec an ninh.<\/li>\n<\/ul>\n<h2>4. L\u01b0u tr\u1eef v\u00e0 x\u1eed l\u00fd d\u1eef li\u1ec7u<\/h2>\n<ul>\n<li>T\u1ea5t c\u1ea3 d\u1eef li\u1ec7u ng\u01b0\u1eddi d\u00f9ng, bao g\u1ed3m d\u1eef li\u1ec7u t\u1eeb Amazon Ads v\u00e0 Amazon Seller, \u0111\u1ec1u \u0111\u01b0\u1ee3c l\u01b0u tr\u1eef v\u00e0 x\u1eed l\u00fd m\u1ed9t c\u00e1ch an to\u00e0n tr\u00ean Amazon Cloud.<\/li>\n<li>Ch\u00fang t\u00f4i \u00e1p d\u1ee5ng c\u00e1c bi\u1ec7n ph\u00e1p theo ti\u00eau chu\u1ea9n ng\u00e0nh \u0111\u1ec3 b\u1ea3o v\u1ec7 d\u1eef li\u1ec7u \u0111\u01b0\u1ee3c l\u01b0u tr\u1eef kh\u1ecfi vi\u1ec7c truy c\u1eadp tr\u00e1i ph\u00e9p, ti\u1ebft l\u1ed9 ho\u1eb7c ph\u00e1 h\u1ee7y.<\/li>\n<li>D\u1eef li\u1ec7u c\u00f3 th\u1ec3 \u0111\u01b0\u1ee3c l\u01b0u gi\u1eef trong th\u1eddi gian c\u1ea7n thi\u1ebft \u0111\u1ec3 cung c\u1ea5p D\u1ecbch v\u1ee5 v\u00e0 tu\u00e2n th\u1ee7 c\u00e1c ngh\u0129a v\u1ee5 ph\u00e1p l\u00fd.<\/li>\n<\/ul>\n<h2>5. Chia s\u1ebb v\u00e0 c\u00f4ng b\u1ed1 d\u1eef li\u1ec7u<\/h2>\n<p>Ch\u00fang t\u00f4i kh\u00f4ng b\u00e1n d\u1eef li\u1ec7u c\u00e1 nh\u00e2n c\u1ee7a b\u1ea1n. Tuy nhi\u00ean, ch\u00fang t\u00f4i c\u00f3 th\u1ec3 chia s\u1ebb d\u1eef li\u1ec7u n\u00e0y v\u1edbi:<\/p>\n<ul>\n<li><strong>Amazon:<\/strong> \u0110\u1ec3 tu\u00e2n th\u1ee7 c\u00e1c ch\u00ednh s\u00e1ch c\u1ee7a Amazon Advertising API v\u00e0 \u0111\u1ea3m b\u1ea3o d\u1ecbch v\u1ee5 ho\u1ea1t \u0111\u1ed9ng b\u00ecnh th\u01b0\u1eddng.<\/li>\n<li><strong>Nh\u00e0 cung c\u1ea5p d\u1ecbch v\u1ee5:<\/strong> C\u00e1c \u0111\u1ed1i t\u00e1c \u0111\u00e1ng tin c\u1eady h\u1ed7 tr\u1ee3 c\u00e1c d\u1ecbch v\u1ee5 l\u01b0u tr\u1eef \u0111\u00e1m m\u00e2y, ph\u00e2n t\u00edch d\u1eef li\u1ec7u v\u00e0 x\u1eed l\u00fd thanh to\u00e1n.<\/li>\n<li><strong>C\u00e1c c\u01a1 quan ph\u00e1p l\u00fd v\u00e0 tu\u00e2n th\u1ee7:<\/strong> Khi lu\u1eadt ph\u00e1p y\u00eau c\u1ea7u ho\u1eb7c \u0111\u1ec3 b\u1ea3o v\u1ec7 c\u00e1c quy\u1ec1n h\u1ee3p ph\u00e1p c\u1ee7a ch\u00fang t\u00f4i.<\/li>\n<\/ul>\n<h2>6. Quy\u1ec1n v\u00e0 s\u1ef1 l\u1ef1a ch\u1ecdn c\u1ee7a b\u1ea1n<\/h2>\n<p>T\u00f9y thu\u1ed9c v\u00e0o v\u1ecb tr\u00ed c\u1ee7a b\u1ea1n, b\u1ea1n c\u00f3 th\u1ec3 c\u00f3 c\u00e1c quy\u1ec1n sau \u0111\u00e2y li\u00ean quan \u0111\u1ebfn d\u1eef li\u1ec7u c\u1ee7a m\u00ecnh:<\/p>\n<ul>\n<li>Truy c\u1eadp, ch\u1ec9nh s\u1eeda ho\u1eb7c x\u00f3a th\u00f4ng tin c\u00e1 nh\u00e2n c\u1ee7a b\u1ea1n.<\/li>\n<li>T\u1eeb ch\u1ed1i nh\u1eadn th\u00f4ng tin ti\u1ebfp th\u1ecb.<\/li>\n<li>H\u1ea1n ch\u1ebf vi\u1ec7c x\u1eed l\u00fd d\u1eef li\u1ec7u ho\u1eb7c ph\u1ea3n \u0111\u1ed1i vi\u1ec7c ra quy\u1ebft \u0111\u1ecbnh t\u1ef1 \u0111\u1ed9ng.<\/li>\n<li>Vui l\u00f2ng g\u1eedi y\u00eau c\u1ea7u truy c\u1eadp d\u1eef li\u1ec7u b\u1eb1ng c\u00e1ch li\u00ean h\u1ec7 v\u1edbi ch\u00fang t\u00f4i t\u1ea1i <a href=\"mailto:legal@wiseppc.com\">legal@wiseppc.com<\/a>.<\/li>\n<\/ul>\n<h2>7. C\u00e1c bi\u1ec7n ph\u00e1p an ninh<\/h2>\n<ul>\n<li>Ch\u00fang t\u00f4i \u00e1p d\u1ee5ng c\u00e1c bi\u1ec7n ph\u00e1p b\u1ea3o m\u1eadt nh\u01b0 m\u00e3 h\u00f3a, ki\u1ec3m so\u00e1t truy c\u1eadp an to\u00e0n v\u00e0 ki\u1ec3m tra d\u1eef li\u1ec7u \u0111\u1ec3 b\u1ea3o v\u1ec7 d\u1eef li\u1ec7u c\u1ee7a qu\u00fd kh\u00e1ch.<\/li>\n<li>M\u1eb7c d\u00f9 ch\u00fang t\u00f4i \u0111\u00e3 th\u1ef1c hi\u1ec7n m\u1ecdi bi\u1ec7n ph\u00e1p ph\u00f2ng ng\u1eeba h\u1ee3p l\u00fd, nh\u01b0ng kh\u00f4ng c\u00f3 h\u1ec7 th\u1ed1ng n\u00e0o l\u00e0 an to\u00e0n 100%. Qu\u00fd kh\u00e1ch c\u00f3 tr\u00e1ch nhi\u1ec7m b\u1ea3o m\u1eadt th\u00f4ng tin \u0111\u0103ng nh\u1eadp t\u00e0i kho\u1ea3n c\u1ee7a m\u00ecnh.<\/li>\n<\/ul>\n<h2>8. Li\u00ean k\u1ebft v\u00e0 t\u00edch h\u1ee3p c\u1ee7a b\u00ean th\u1ee9 ba<\/h2>\n<p>WisePPC c\u00f3 th\u1ec3 ch\u1ee9a c\u00e1c li\u00ean k\u1ebft \u0111\u1ebfn c\u00e1c trang web c\u1ee7a b\u00ean th\u1ee9 ba, bao g\u1ed3m Amazon. Ch\u00fang t\u00f4i kh\u00f4ng ch\u1ecbu tr\u00e1ch nhi\u1ec7m v\u1ec1 ch\u00ednh s\u00e1ch b\u1ea3o m\u1eadt c\u1ee7a c\u00e1c trang web n\u00e0y, v\u00e0 b\u1ea1n n\u00ean xem x\u00e9t k\u1ef9 c\u00e1c \u0111i\u1ec1u kho\u1ea3n c\u1ee7a h\u1ecd tr\u01b0\u1edbc khi chia s\u1ebb d\u1eef li\u1ec7u.<\/p>\n<h2>9. Tu\u00e2n th\u1ee7 c\u00e1c quy \u0111\u1ecbnh ph\u00e1p lu\u1eadt<\/h2>\n<ul>\n<li>Ch\u00fang t\u00f4i tu\u00e2n th\u1ee7 c\u00e1c quy \u0111\u1ecbnh ph\u00e1p lu\u1eadt v\u1ec1 b\u1ea3o v\u1ec7 d\u1eef li\u1ec7u hi\u1ec7n h\u00e0nh, bao g\u1ed3m GDPR v\u00e0 CCPA.<\/li>\n<li>Ng\u01b0\u1eddi d\u00f9ng t\u1ea1i Li\u00ean minh Ch\u00e2u \u00c2u (EU) v\u00e0 California c\u00f3 c\u00e1c quy\u1ec1n c\u1ee5 th\u1ec3 li\u00ean quan \u0111\u1ebfn quy\u1ec1n ri\u00eang t\u01b0 d\u1eef li\u1ec7u v\u00e0 c\u00f3 th\u1ec3 y\u00eau c\u1ea7u cung c\u1ea5p th\u00f4ng tin v\u1ec1 c\u00e1ch d\u1eef li\u1ec7u c\u1ee7a h\u1ecd \u0111\u01b0\u1ee3c s\u1eed d\u1ee5ng.<\/li>\n<\/ul>\n<h2>10. Nh\u1eefng thay \u0111\u1ed5i \u0111\u1ed1i v\u1edbi Ch\u00ednh s\u00e1ch b\u1ea3o m\u1eadt n\u00e0y<\/h2>\n<p>Ch\u00fang t\u00f4i c\u00f3 th\u1ec3 c\u1eadp nh\u1eadt Ch\u00ednh s\u00e1ch B\u1ea3o m\u1eadt n\u00e0y \u0111\u1ecbnh k\u1ef3. Vi\u1ec7c ti\u1ebfp t\u1ee5c s\u1eed d\u1ee5ng WisePPC sau khi c\u00f3 thay \u0111\u1ed5i \u0111\u01b0\u1ee3c coi l\u00e0 s\u1ef1 ch\u1ea5p nh\u1eadn c\u00e1c \u0111i\u1ec1u kho\u1ea3n \u0111\u00e3 \u0111\u01b0\u1ee3c c\u1eadp nh\u1eadt.<\/p>\n<h2>11. Th\u00f4ng tin li\u00ean h\u1ec7<\/h2>\n<p>N\u1ebfu c\u00f3 b\u1ea5t k\u1ef3 th\u1eafc m\u1eafc n\u00e0o li\u00ean quan \u0111\u1ebfn Ch\u00ednh s\u00e1ch b\u1ea3o m\u1eadt n\u00e0y, vui l\u00f2ng li\u00ean h\u1ec7 v\u1edbi ch\u00fang t\u00f4i theo \u0111\u1ecba ch\u1ec9 <a href=\"mailto:legal@wiseppc.com\">legal@wiseppc.com<\/a>.<\/p>\n<p>B\u1eb1ng vi\u1ec7c s\u1eed d\u1ee5ng WisePPC, b\u1ea1n x\u00e1c nh\u1eadn r\u1eb1ng b\u1ea1n \u0111\u00e3 \u0111\u1ecdc, hi\u1ec3u v\u00e0 \u0111\u1ed3ng \u00fd v\u1edbi Ch\u00ednh s\u00e1ch B\u1ea3o m\u1eadt n\u00e0y.<\/p>","protected":false},"excerpt":{"rendered":"<p>1. Introduction Welcome to WisePPC, a software-as-a-service (&#8220;Service&#8221;) provided by Crystal Logistics Corporation (&#8220;Company,&#8221; &#8220;we,&#8221; &#8220;us,&#8221; or &#8220;our&#8221;). We are committed to protecting your privacy and handling your data transparently. This Privacy Policy describes how we collect, use, and protect your information when you use WisePPC. 2. Information We Collect Account Information: Name, email address, [&hellip;]<\/p>\n","protected":false},"author":1,"featured_media":0,"parent":0,"menu_order":0,"comment_status":"closed","ping_status":"closed","template":"","meta":{"_acf_changed":false,"footnotes":""},"class_list":["post-344","page","type-page","status-publish","hentry"],"acf":[],"yoast_head":"<!-- This site is optimized with the Yoast SEO plugin v27.4 - https:\/\/yoast.com\/product\/yoast-seo-wordpress\/ -->\n<title>Privacy Policy - WisePPC<\/title>\n<meta name=\"robots\" content=\"index, follow, max-snippet:-1, max-image-preview:large, max-video-preview:-1\" \/>\n<link rel=\"canonical\" href=\"https:\/\/wiseppc.com\/vi\/privacy-policy\/\" \/>\n<meta property=\"og:locale\" content=\"vi_VN\" \/>\n<meta property=\"og:type\" content=\"article\" \/>\n<meta property=\"og:title\" content=\"Privacy Policy - WisePPC\" \/>\n<meta property=\"og:description\" content=\"1. Introduction Welcome to WisePPC, a software-as-a-service (&#8220;Service&#8221;) provided by Crystal Logistics Corporation (&#8220;Company,&#8221; &#8220;we,&#8221; &#8220;us,&#8221; or &#8220;our&#8221;). We are committed to protecting your privacy and handling your data transparently. This Privacy Policy describes how we collect, use, and protect your information when you use WisePPC. 2. Information We Collect Account Information: Name, email address, [&hellip;]\" \/>\n<meta property=\"og:url\" content=\"https:\/\/wiseppc.com\/vi\/privacy-policy\/\" \/>\n<meta property=\"og:site_name\" content=\"WisePPC\" \/>\n<meta property=\"article:modified_time\" content=\"2025-02-19T13:38:56+00:00\" \/>\n<meta property=\"og:image\" content=\"https:\/\/wiseppc.com\/wp-content\/uploads\/2025\/05\/1200x675.png\" \/>\n\t<meta property=\"og:image:width\" content=\"1200\" \/>\n\t<meta property=\"og:image:height\" content=\"675\" \/>\n\t<meta property=\"og:image:type\" content=\"image\/png\" \/>\n<meta name=\"twitter:card\" content=\"summary_large_image\" \/>\n<meta name=\"twitter:label1\" content=\"\u01af\u1edbc t\u00ednh th\u1eddi gian \u0111\u1ecdc\" \/>\n\t<meta name=\"twitter:data1\" content=\"3 ph\u00fat\" \/>\n<script type=\"application\/ld+json\" class=\"yoast-schema-graph\">{\"@context\":\"https:\\\/\\\/schema.org\",\"@graph\":[{\"@type\":\"WebPage\",\"@id\":\"https:\\\/\\\/wiseppc.com\\\/zh\\\/privacy-policy\\\/\",\"url\":\"https:\\\/\\\/wiseppc.com\\\/zh\\\/privacy-policy\\\/\",\"name\":\"Privacy Policy - WisePPC\",\"isPartOf\":{\"@id\":\"https:\\\/\\\/wiseppc.com\\\/fr\\\/#website\"},\"datePublished\":\"2025-02-19T13:23:05+00:00\",\"dateModified\":\"2025-02-19T13:38:56+00:00\",\"breadcrumb\":{\"@id\":\"https:\\\/\\\/wiseppc.com\\\/zh\\\/privacy-policy\\\/#breadcrumb\"},\"inLanguage\":\"vi\",\"potentialAction\":[{\"@type\":\"ReadAction\",\"target\":[\"https:\\\/\\\/wiseppc.com\\\/zh\\\/privacy-policy\\\/\"]}]},{\"@type\":\"BreadcrumbList\",\"@id\":\"https:\\\/\\\/wiseppc.com\\\/zh\\\/privacy-policy\\\/#breadcrumb\",\"itemListElement\":[{\"@type\":\"ListItem\",\"position\":1,\"name\":\"Home\",\"item\":\"https:\\\/\\\/wiseppc.com\\\/\"},{\"@type\":\"ListItem\",\"position\":2,\"name\":\"Privacy Policy\"}]},{\"@type\":\"WebSite\",\"@id\":\"https:\\\/\\\/wiseppc.com\\\/fr\\\/#website\",\"url\":\"https:\\\/\\\/wiseppc.com\\\/fr\\\/\",\"name\":\"WisePPC\",\"description\":\"\",\"publisher\":{\"@id\":\"https:\\\/\\\/wiseppc.com\\\/fr\\\/#organization\"},\"potentialAction\":[{\"@type\":\"SearchAction\",\"target\":{\"@type\":\"EntryPoint\",\"urlTemplate\":\"https:\\\/\\\/wiseppc.com\\\/fr\\\/?s={search_term_string}\"},\"query-input\":{\"@type\":\"PropertyValueSpecification\",\"valueRequired\":true,\"valueName\":\"search_term_string\"}}],\"inLanguage\":\"vi\"},{\"@type\":\"Organization\",\"@id\":\"https:\\\/\\\/wiseppc.com\\\/fr\\\/#organization\",\"name\":\"WisePPC\",\"url\":\"https:\\\/\\\/wiseppc.com\\\/fr\\\/\",\"logo\":{\"@type\":\"ImageObject\",\"inLanguage\":\"vi\",\"@id\":\"https:\\\/\\\/wiseppc.com\\\/fr\\\/#\\\/schema\\\/logo\\\/image\\\/\",\"url\":\"https:\\\/\\\/wiseppc.com\\\/wp-content\\\/uploads\\\/2025\\\/07\\\/wiseppc_logo.jpeg\",\"contentUrl\":\"https:\\\/\\\/wiseppc.com\\\/wp-content\\\/uploads\\\/2025\\\/07\\\/wiseppc_logo.jpeg\",\"width\":200,\"height\":200,\"caption\":\"WisePPC\"},\"image\":{\"@id\":\"https:\\\/\\\/wiseppc.com\\\/fr\\\/#\\\/schema\\\/logo\\\/image\\\/\"}}]}<\/script>\n<!-- \/ Yoast SEO plugin. -->","yoast_head_json":{"title":"Ch\u00ednh s\u00e1ch b\u1ea3o m\u1eadt - WisePPC","robots":{"index":"index","follow":"follow","max-snippet":"max-snippet:-1","max-image-preview":"max-image-preview:large","max-video-preview":"max-video-preview:-1"},"canonical":"https:\/\/wiseppc.com\/vi\/privacy-policy\/","og_locale":"vi_VN","og_type":"article","og_title":"Privacy Policy - WisePPC","og_description":"1. Introduction Welcome to WisePPC, a software-as-a-service (&#8220;Service&#8221;) provided by Crystal Logistics Corporation (&#8220;Company,&#8221; &#8220;we,&#8221; &#8220;us,&#8221; or &#8220;our&#8221;). We are committed to protecting your privacy and handling your data transparently. This Privacy Policy describes how we collect, use, and protect your information when you use WisePPC. 2. Information We Collect Account Information: Name, email address, [&hellip;]","og_url":"https:\/\/wiseppc.com\/vi\/privacy-policy\/","og_site_name":"WisePPC","article_modified_time":"2025-02-19T13:38:56+00:00","og_image":[{"width":1200,"height":675,"url":"https:\/\/wiseppc.com\/wp-content\/uploads\/2025\/05\/1200x675.png","type":"image\/png"}],"twitter_card":"summary_large_image","twitter_misc":{"\u01af\u1edbc t\u00ednh th\u1eddi gian \u0111\u1ecdc":"3 ph\u00fat"},"schema":{"@context":"https:\/\/schema.org","@graph":[{"@type":"WebPage","@id":"https:\/\/wiseppc.com\/zh\/privacy-policy\/","url":"https:\/\/wiseppc.com\/zh\/privacy-policy\/","name":"Ch\u00ednh s\u00e1ch b\u1ea3o m\u1eadt - WisePPC","isPartOf":{"@id":"https:\/\/wiseppc.com\/fr\/#website"},"datePublished":"2025-02-19T13:23:05+00:00","dateModified":"2025-02-19T13:38:56+00:00","breadcrumb":{"@id":"https:\/\/wiseppc.com\/zh\/privacy-policy\/#breadcrumb"},"inLanguage":"vi","potentialAction":[{"@type":"ReadAction","target":["https:\/\/wiseppc.com\/zh\/privacy-policy\/"]}]},{"@type":"BreadcrumbList","@id":"https:\/\/wiseppc.com\/zh\/privacy-policy\/#breadcrumb","itemListElement":[{"@type":"ListItem","position":1,"name":"Home","item":"https:\/\/wiseppc.com\/"},{"@type":"ListItem","position":2,"name":"Privacy Policy"}]},{"@type":"WebSite","@id":"https:\/\/wiseppc.com\/fr\/#website","url":"https:\/\/wiseppc.com\/fr\/","name":"WisePPC","description":"","publisher":{"@id":"https:\/\/wiseppc.com\/fr\/#organization"},"potentialAction":[{"@type":"SearchAction","target":{"@type":"EntryPoint","urlTemplate":"https:\/\/wiseppc.com\/fr\/?s={search_term_string}"},"query-input":{"@type":"PropertyValueSpecification","valueRequired":true,"valueName":"search_term_string"}}],"inLanguage":"vi"},{"@type":"Organization","@id":"https:\/\/wiseppc.com\/fr\/#organization","name":"WisePPC","url":"https:\/\/wiseppc.com\/fr\/","logo":{"@type":"ImageObject","inLanguage":"vi","@id":"https:\/\/wiseppc.com\/fr\/#\/schema\/logo\/image\/","url":"https:\/\/wiseppc.com\/wp-content\/uploads\/2025\/07\/wiseppc_logo.jpeg","contentUrl":"https:\/\/wiseppc.com\/wp-content\/uploads\/2025\/07\/wiseppc_logo.jpeg","width":200,"height":200,"caption":"WisePPC"},"image":{"@id":"https:\/\/wiseppc.com\/fr\/#\/schema\/logo\/image\/"}}]}},"_links":{"self":[{"href":"https:\/\/wiseppc.com\/vi\/wp-json\/wp\/v2\/pages\/344","targetHints":{"allow":["GET"]}}],"collection":[{"href":"https:\/\/wiseppc.com\/vi\/wp-json\/wp\/v2\/pages"}],"about":[{"href":"https:\/\/wiseppc.com\/vi\/wp-json\/wp\/v2\/types\/page"}],"author":[{"embeddable":true,"href":"https:\/\/wiseppc.com\/vi\/wp-json\/wp\/v2\/users\/1"}],"replies":[{"embeddable":true,"href":"https:\/\/wiseppc.com\/vi\/wp-json\/wp\/v2\/comments?post=344"}],"version-history":[{"count":2,"href":"https:\/\/wiseppc.com\/vi\/wp-json\/wp\/v2\/pages\/344\/revisions"}],"predecessor-version":[{"id":350,"href":"https:\/\/wiseppc.com\/vi\/wp-json\/wp\/v2\/pages\/344\/revisions\/350"}],"wp:attachment":[{"href":"https:\/\/wiseppc.com\/vi\/wp-json\/wp\/v2\/media?parent=344"}],"curies":[{"name":"wp","href":"https:\/\/api.w.org\/{rel}","templated":true}]}}