{"id":344,"date":"2025-02-19T15:23:05","date_gmt":"2025-02-19T13:23:05","guid":{"rendered":"https:\/\/wiseppc.com\/?page_id=344"},"modified":"2025-02-19T15:38:56","modified_gmt":"2025-02-19T13:38:56","slug":"privacy-policy","status":"publish","type":"page","link":"https:\/\/wiseppc.com\/pl\/privacy-policy\/","title":{"rendered":"Polityka prywatno\u015bci"},"content":{"rendered":"<br \/>\n<h2>1. Wprowadzenie<\/h2>\n<p>Witamy w WisePPC, us\u0142udze typu oprogramowanie jako us\u0142uga (\u201cUs\u0142uga\u201d) \u015bwiadczonej przez Crystal Logistics Corporation (\u201cSp\u00f3\u0142ka\u201d, \u201cmy\u201d, \u201cnas\u201d lub \u201cnasz\u201d). Dok\u0142adamy wszelkich stara\u0144, aby chroni\u0107 prywatno\u015b\u0107 u\u017cytkownik\u00f3w i przetwarza\u0107 ich dane w przejrzysty spos\u00f3b. Niniejsza Polityka prywatno\u015bci opisuje, w jaki spos\u00f3b gromadzimy, wykorzystujemy i chronimy informacje u\u017cytkownika podczas korzystania z WisePPC.<\/p>\n<h2>2. Informacje, kt\u00f3re zbieramy<\/h2>\n<ul>\n<li><strong>Informacje o koncie:<\/strong> Imi\u0119 i nazwisko, adres e-mail, dane firmy i informacje dotycz\u0105ce p\u0142atno\u015bci.<\/li>\n<li><strong>Dane reklamowe Amazon:<\/strong> Dane pobierane za po\u015brednictwem interfejsu API reklam Amazon, w tym wyniki kampanii, s\u0142owa kluczowe i szczeg\u00f3\u0142y dotycz\u0105ce wydatk\u00f3w.<\/li>\n<li><strong>Dane sprzedawcy Amazon:<\/strong> Dane zwi\u0105zane z kontem sprzedawcy, takie jak oferty produkt\u00f3w i wyniki sprzeda\u017cy.<\/li>\n<li><strong>Dane u\u017cytkowania:<\/strong> Pliki dziennika, adresy IP i dane analityczne w celu monitorowania u\u017cytkowania i ulepszania naszej Us\u0142ugi.<\/li>\n<li><strong>Pliki cookie i technologie \u015bledzenia:<\/strong> U\u017cywamy plik\u00f3w cookie i podobnych technologii w celu poprawy komfortu u\u017cytkowania i gromadzenia informacji na temat wydajno\u015bci platformy.<\/li>\n<\/ul>\n<h2>3. Jak wykorzystujemy informacje o u\u017cytkowniku<\/h2>\n<ul>\n<li>\u015awiadczenie i ulepszanie us\u0142ug WisePPC.<\/li>\n<li>Analizowanie wynik\u00f3w kampanii i generowanie raport\u00f3w.<\/li>\n<li>Automatyzacja ustalania stawek i alokacji bud\u017cetu reklamowego w oparciu o preferencje u\u017cytkownika.<\/li>\n<li>Zapewnienie zgodno\u015bci z zasadami Amazon Advertising API.<\/li>\n<li>Przekazywanie wa\u017cnych aktualizacji us\u0142ug, powiadomie\u0144 i odpowiedzi pomocy technicznej.<\/li>\n<li>Zapobieganie nieuczciwym dzia\u0142aniom i utrzymanie bezpiecze\u0144stwa.<\/li>\n<\/ul>\n<h2>4. Przechowywanie i przetwarzanie danych<\/h2>\n<ul>\n<li>Wszystkie dane u\u017cytkownika, w tym dane Amazon Ads i Amazon Seller, s\u0105 bezpiecznie przechowywane i przetwarzane w chmurze Amazon.<\/li>\n<li>Podejmujemy standardowe w bran\u017cy \u015brodki w celu ochrony przechowywanych danych przed nieautoryzowanym dost\u0119pem, ujawnieniem lub zniszczeniem.<\/li>\n<li>Dane mog\u0105 by\u0107 przechowywane tak d\u0142ugo, jak jest to konieczne do \u015bwiadczenia Us\u0142ugi i przestrzegania zobowi\u0105za\u0144 prawnych.<\/li>\n<\/ul>\n<h2>5. Udost\u0119pnianie i ujawnianie danych<\/h2>\n<p>Nie sprzedajemy danych osobowych u\u017cytkownik\u00f3w. Mo\u017cemy jednak udost\u0119pnia\u0107 je<\/p>\n<ul>\n<li><strong>Amazon:<\/strong> Aby zachowa\u0107 zgodno\u015b\u0107 z zasadami Amazon Advertising API i zapewni\u0107 prawid\u0142owe dzia\u0142anie us\u0142ugi.<\/li>\n<li><strong>Dostawcy us\u0142ug:<\/strong> Zaufane strony trzecie, kt\u00f3re pomagaj\u0105 w hostingu w chmurze, analizie i przetwarzaniu p\u0142atno\u015bci.<\/li>\n<li><strong>Organy prawne i organy ds. zgodno\u015bci z przepisami:<\/strong> Gdy jest to wymagane przez prawo lub w celu ochrony naszych praw.<\/li>\n<\/ul>\n<h2>6. Prawa i mo\u017cliwo\u015bci wyboru<\/h2>\n<p>W zale\u017cno\u015bci od lokalizacji u\u017cytkownikowi mog\u0105 przys\u0142ugiwa\u0107 nast\u0119puj\u0105ce prawa dotycz\u0105ce jego danych:<\/p>\n<ul>\n<li>Dost\u0119p, poprawianie lub usuwanie swoich danych osobowych.<\/li>\n<li>Rezygnacja z komunikacji marketingowej.<\/li>\n<li>Ograniczenie przetwarzania danych lub sprzeciw wobec zautomatyzowanego podejmowania decyzji.<\/li>\n<li>Prze\u015blij wniosek o dost\u0119p do danych, kontaktuj\u0105c si\u0119 z nami pod adresem <a href=\"mailto:legal@wiseppc.com\">legal@wiseppc.com<\/a>.<\/li>\n<\/ul>\n<h2>7. \u015arodki bezpiecze\u0144stwa<\/h2>\n<ul>\n<li>Wdra\u017camy \u015brodki bezpiecze\u0144stwa, takie jak szyfrowanie, bezpieczna kontrola dost\u0119pu i audyty danych w celu ochrony danych u\u017cytkownika.<\/li>\n<li>Chocia\u017c podejmujemy wszelkie uzasadnione \u015brodki ostro\u017cno\u015bci, \u017caden system nie jest bezpieczny. U\u017cytkownik jest odpowiedzialny za zachowanie poufno\u015bci danych uwierzytelniaj\u0105cych jego konto.<\/li>\n<\/ul>\n<h2>8. \u0141\u0105cza i integracje stron trzecich<\/h2>\n<p>WisePPC mo\u017ce zawiera\u0107 linki do stron internetowych os\u00f3b trzecich, w tym Amazon. Nie ponosimy odpowiedzialno\u015bci za ich polityk\u0119 prywatno\u015bci, a przed udost\u0119pnieniem danych nale\u017cy zapozna\u0107 si\u0119 z ich warunkami.<\/p>\n<h2>9. Zgodno\u015b\u0107 z przepisami prawa<\/h2>\n<ul>\n<li>Przestrzegamy obowi\u0105zuj\u0105cych przepis\u00f3w o ochronie danych, w tym RODO i CCPA.<\/li>\n<li>U\u017cytkownicy w UE i Kalifornii maj\u0105 okre\u015blone prawa zwi\u0105zane z prywatno\u015bci\u0105 danych i mog\u0105 \u017c\u0105da\u0107 informacji o tym, w jaki spos\u00f3b ich dane s\u0105 wykorzystywane.<\/li>\n<\/ul>\n<h2>10. Zmiany niniejszej Polityki prywatno\u015bci<\/h2>\n<p>Mo\u017cemy okresowo aktualizowa\u0107 niniejsz\u0105 Polityk\u0119 prywatno\u015bci. Dalsze korzystanie z WisePPC po wprowadzeniu zmian oznacza akceptacj\u0119 zaktualizowanych warunk\u00f3w.<\/p>\n<h2>11. Informacje kontaktowe<\/h2>\n<p>W przypadku jakichkolwiek pyta\u0144 dotycz\u0105cych niniejszej Polityki prywatno\u015bci prosimy o kontakt pod adresem <a href=\"mailto:legal@wiseppc.com\">legal@wiseppc.com<\/a>.<\/p>\n<p>Korzystaj\u0105c z WisePPC, u\u017cytkownik potwierdza, \u017ce przeczyta\u0142, zrozumia\u0142 i zaakceptowa\u0142 niniejsz\u0105 Polityk\u0119 prywatno\u015bci.<\/p>","protected":false},"excerpt":{"rendered":"<p>1. Introduction Welcome to WisePPC, a software-as-a-service (&#8220;Service&#8221;) provided by Crystal Logistics Corporation (&#8220;Company,&#8221; &#8220;we,&#8221; &#8220;us,&#8221; or &#8220;our&#8221;). We are committed to protecting your privacy and handling your data transparently. This Privacy Policy describes how we collect, use, and protect your information when you use WisePPC. 2. Information We Collect Account Information: Name, email address, [&hellip;]<\/p>\n","protected":false},"author":1,"featured_media":0,"parent":0,"menu_order":0,"comment_status":"closed","ping_status":"closed","template":"","meta":{"_acf_changed":false,"footnotes":""},"class_list":["post-344","page","type-page","status-publish","hentry"],"acf":[],"yoast_head":"<!-- This site is optimized with the Yoast SEO plugin v27.3 - https:\/\/yoast.com\/product\/yoast-seo-wordpress\/ -->\n<title>Privacy Policy - WisePPC<\/title>\n<meta name=\"robots\" content=\"index, follow, max-snippet:-1, max-image-preview:large, max-video-preview:-1\" \/>\n<link rel=\"canonical\" href=\"https:\/\/wiseppc.com\/pl\/privacy-policy\/\" \/>\n<meta property=\"og:locale\" content=\"pl_PL\" \/>\n<meta property=\"og:type\" content=\"article\" \/>\n<meta property=\"og:title\" content=\"Privacy Policy - WisePPC\" \/>\n<meta property=\"og:description\" content=\"1. Introduction Welcome to WisePPC, a software-as-a-service (&#8220;Service&#8221;) provided by Crystal Logistics Corporation (&#8220;Company,&#8221; &#8220;we,&#8221; &#8220;us,&#8221; or &#8220;our&#8221;). We are committed to protecting your privacy and handling your data transparently. This Privacy Policy describes how we collect, use, and protect your information when you use WisePPC. 2. Information We Collect Account Information: Name, email address, [&hellip;]\" \/>\n<meta property=\"og:url\" content=\"https:\/\/wiseppc.com\/pl\/privacy-policy\/\" \/>\n<meta property=\"og:site_name\" content=\"WisePPC\" \/>\n<meta property=\"article:modified_time\" content=\"2025-02-19T13:38:56+00:00\" \/>\n<meta property=\"og:image\" content=\"https:\/\/wiseppc.com\/wp-content\/uploads\/2025\/05\/1200x675.png\" \/>\n\t<meta property=\"og:image:width\" content=\"1200\" \/>\n\t<meta property=\"og:image:height\" content=\"675\" \/>\n\t<meta property=\"og:image:type\" content=\"image\/png\" \/>\n<meta name=\"twitter:card\" content=\"summary_large_image\" \/>\n<meta name=\"twitter:label1\" content=\"Est. reading time\" \/>\n\t<meta name=\"twitter:data1\" content=\"3 minuty\" \/>\n<script type=\"application\/ld+json\" class=\"yoast-schema-graph\">{\"@context\":\"https:\\\/\\\/schema.org\",\"@graph\":[{\"@type\":\"WebPage\",\"@id\":\"https:\\\/\\\/wiseppc.com\\\/zh\\\/privacy-policy\\\/\",\"url\":\"https:\\\/\\\/wiseppc.com\\\/zh\\\/privacy-policy\\\/\",\"name\":\"Privacy Policy - WisePPC\",\"isPartOf\":{\"@id\":\"https:\\\/\\\/wiseppc.com\\\/fr\\\/#website\"},\"datePublished\":\"2025-02-19T13:23:05+00:00\",\"dateModified\":\"2025-02-19T13:38:56+00:00\",\"breadcrumb\":{\"@id\":\"https:\\\/\\\/wiseppc.com\\\/zh\\\/privacy-policy\\\/#breadcrumb\"},\"inLanguage\":\"pl-PL\",\"potentialAction\":[{\"@type\":\"ReadAction\",\"target\":[\"https:\\\/\\\/wiseppc.com\\\/zh\\\/privacy-policy\\\/\"]}]},{\"@type\":\"BreadcrumbList\",\"@id\":\"https:\\\/\\\/wiseppc.com\\\/zh\\\/privacy-policy\\\/#breadcrumb\",\"itemListElement\":[{\"@type\":\"ListItem\",\"position\":1,\"name\":\"Home\",\"item\":\"https:\\\/\\\/wiseppc.com\\\/\"},{\"@type\":\"ListItem\",\"position\":2,\"name\":\"Privacy Policy\"}]},{\"@type\":\"WebSite\",\"@id\":\"https:\\\/\\\/wiseppc.com\\\/fr\\\/#website\",\"url\":\"https:\\\/\\\/wiseppc.com\\\/fr\\\/\",\"name\":\"WisePPC\",\"description\":\"\",\"publisher\":{\"@id\":\"https:\\\/\\\/wiseppc.com\\\/fr\\\/#organization\"},\"potentialAction\":[{\"@type\":\"SearchAction\",\"target\":{\"@type\":\"EntryPoint\",\"urlTemplate\":\"https:\\\/\\\/wiseppc.com\\\/fr\\\/?s={search_term_string}\"},\"query-input\":{\"@type\":\"PropertyValueSpecification\",\"valueRequired\":true,\"valueName\":\"search_term_string\"}}],\"inLanguage\":\"pl-PL\"},{\"@type\":\"Organization\",\"@id\":\"https:\\\/\\\/wiseppc.com\\\/fr\\\/#organization\",\"name\":\"WisePPC\",\"url\":\"https:\\\/\\\/wiseppc.com\\\/fr\\\/\",\"logo\":{\"@type\":\"ImageObject\",\"inLanguage\":\"pl-PL\",\"@id\":\"https:\\\/\\\/wiseppc.com\\\/fr\\\/#\\\/schema\\\/logo\\\/image\\\/\",\"url\":\"https:\\\/\\\/wiseppc.com\\\/wp-content\\\/uploads\\\/2025\\\/07\\\/wiseppc_logo.jpeg\",\"contentUrl\":\"https:\\\/\\\/wiseppc.com\\\/wp-content\\\/uploads\\\/2025\\\/07\\\/wiseppc_logo.jpeg\",\"width\":200,\"height\":200,\"caption\":\"WisePPC\"},\"image\":{\"@id\":\"https:\\\/\\\/wiseppc.com\\\/fr\\\/#\\\/schema\\\/logo\\\/image\\\/\"}}]}<\/script>\n<!-- \/ Yoast SEO plugin. -->","yoast_head_json":{"title":"Polityka prywatno\u015bci - WisePPC","robots":{"index":"index","follow":"follow","max-snippet":"max-snippet:-1","max-image-preview":"max-image-preview:large","max-video-preview":"max-video-preview:-1"},"canonical":"https:\/\/wiseppc.com\/pl\/privacy-policy\/","og_locale":"pl_PL","og_type":"article","og_title":"Privacy Policy - WisePPC","og_description":"1. Introduction Welcome to WisePPC, a software-as-a-service (&#8220;Service&#8221;) provided by Crystal Logistics Corporation (&#8220;Company,&#8221; &#8220;we,&#8221; &#8220;us,&#8221; or &#8220;our&#8221;). We are committed to protecting your privacy and handling your data transparently. This Privacy Policy describes how we collect, use, and protect your information when you use WisePPC. 2. Information We Collect Account Information: Name, email address, [&hellip;]","og_url":"https:\/\/wiseppc.com\/pl\/privacy-policy\/","og_site_name":"WisePPC","article_modified_time":"2025-02-19T13:38:56+00:00","og_image":[{"width":1200,"height":675,"url":"https:\/\/wiseppc.com\/wp-content\/uploads\/2025\/05\/1200x675.png","type":"image\/png"}],"twitter_card":"summary_large_image","twitter_misc":{"Est. reading time":"3 minuty"},"schema":{"@context":"https:\/\/schema.org","@graph":[{"@type":"WebPage","@id":"https:\/\/wiseppc.com\/zh\/privacy-policy\/","url":"https:\/\/wiseppc.com\/zh\/privacy-policy\/","name":"Polityka prywatno\u015bci - WisePPC","isPartOf":{"@id":"https:\/\/wiseppc.com\/fr\/#website"},"datePublished":"2025-02-19T13:23:05+00:00","dateModified":"2025-02-19T13:38:56+00:00","breadcrumb":{"@id":"https:\/\/wiseppc.com\/zh\/privacy-policy\/#breadcrumb"},"inLanguage":"pl-PL","potentialAction":[{"@type":"ReadAction","target":["https:\/\/wiseppc.com\/zh\/privacy-policy\/"]}]},{"@type":"BreadcrumbList","@id":"https:\/\/wiseppc.com\/zh\/privacy-policy\/#breadcrumb","itemListElement":[{"@type":"ListItem","position":1,"name":"Home","item":"https:\/\/wiseppc.com\/"},{"@type":"ListItem","position":2,"name":"Privacy Policy"}]},{"@type":"WebSite","@id":"https:\/\/wiseppc.com\/fr\/#website","url":"https:\/\/wiseppc.com\/fr\/","name":"WisePPC","description":"","publisher":{"@id":"https:\/\/wiseppc.com\/fr\/#organization"},"potentialAction":[{"@type":"SearchAction","target":{"@type":"EntryPoint","urlTemplate":"https:\/\/wiseppc.com\/fr\/?s={search_term_string}"},"query-input":{"@type":"PropertyValueSpecification","valueRequired":true,"valueName":"search_term_string"}}],"inLanguage":"pl-PL"},{"@type":"Organization","@id":"https:\/\/wiseppc.com\/fr\/#organization","name":"WisePPC","url":"https:\/\/wiseppc.com\/fr\/","logo":{"@type":"ImageObject","inLanguage":"pl-PL","@id":"https:\/\/wiseppc.com\/fr\/#\/schema\/logo\/image\/","url":"https:\/\/wiseppc.com\/wp-content\/uploads\/2025\/07\/wiseppc_logo.jpeg","contentUrl":"https:\/\/wiseppc.com\/wp-content\/uploads\/2025\/07\/wiseppc_logo.jpeg","width":200,"height":200,"caption":"WisePPC"},"image":{"@id":"https:\/\/wiseppc.com\/fr\/#\/schema\/logo\/image\/"}}]}},"_links":{"self":[{"href":"https:\/\/wiseppc.com\/pl\/wp-json\/wp\/v2\/pages\/344","targetHints":{"allow":["GET"]}}],"collection":[{"href":"https:\/\/wiseppc.com\/pl\/wp-json\/wp\/v2\/pages"}],"about":[{"href":"https:\/\/wiseppc.com\/pl\/wp-json\/wp\/v2\/types\/page"}],"author":[{"embeddable":true,"href":"https:\/\/wiseppc.com\/pl\/wp-json\/wp\/v2\/users\/1"}],"replies":[{"embeddable":true,"href":"https:\/\/wiseppc.com\/pl\/wp-json\/wp\/v2\/comments?post=344"}],"version-history":[{"count":2,"href":"https:\/\/wiseppc.com\/pl\/wp-json\/wp\/v2\/pages\/344\/revisions"}],"predecessor-version":[{"id":350,"href":"https:\/\/wiseppc.com\/pl\/wp-json\/wp\/v2\/pages\/344\/revisions\/350"}],"wp:attachment":[{"href":"https:\/\/wiseppc.com\/pl\/wp-json\/wp\/v2\/media?parent=344"}],"curies":[{"name":"wp","href":"https:\/\/api.w.org\/{rel}","templated":true}]}}